{"id":8751,"date":"2025-01-07T05:31:55","date_gmt":"2025-01-07T05:31:55","guid":{"rendered":"https:\/\/corporate.epress.fi\/uttalande-om-tillganglighet\/"},"modified":"2025-04-07T10:20:30","modified_gmt":"2025-04-07T10:20:30","slug":"uttalande-om-tillganglighet","status":"publish","type":"page","link":"https:\/\/corporate.epress.fi\/sv\/uttalande-om-tillganglighet\/","title":{"rendered":"Uttalande om tillg\u00e4nglighet"},"content":{"rendered":"\t\t<div data-elementor-type=\"wp-page\" data-elementor-id=\"8751\" class=\"elementor elementor-8751 elementor-7858\" data-elementor-post-type=\"page\">\n\t\t\t\t<div class=\"elementor-element elementor-element-613f121 subhero-container e-flex e-con-boxed e-con e-child\" data-id=\"613f121\" data-element_type=\"container\" data-e-type=\"container\" data-settings=\"{&quot;background_background&quot;:&quot;classic&quot;}\">\n\t\t\t\t\t<div class=\"e-con-inner\">\n\t\t\t\t<div class=\"elementor-element elementor-element-377f4a6 elementor-widget__width-inherit elementor-invisible elementor-widget elementor-widget-heading\" data-id=\"377f4a6\" data-element_type=\"widget\" data-e-type=\"widget\" data-settings=\"{&quot;_animation&quot;:&quot;fadeIn&quot;,&quot;_animation_delay&quot;:&quot;200&quot;}\" data-widget_type=\"heading.default\">\n\t\t\t\t<div class=\"elementor-widget-container\">\n\t\t\t\t\t<h1 class=\"elementor-heading-title elementor-size-default\">Uttalande om tillg\u00e4nglighet\n<\/h1>\t\t\t\t<\/div>\n\t\t\t\t<\/div>\n\t\t\t\t\t<\/div>\n\t\t\t\t<\/div>\n\t\t<div class=\"elementor-element elementor-element-4584c4b e-flex e-con-boxed e-con e-parent\" data-id=\"4584c4b\" data-element_type=\"container\" data-e-type=\"container\">\n\t\t\t\t\t<div class=\"e-con-inner\">\n\t\t\t\t<div class=\"elementor-element elementor-element-ba25bba elementor-widget elementor-widget-text-editor\" data-id=\"ba25bba\" data-element_type=\"widget\" data-e-type=\"widget\" data-widget_type=\"text-editor.default\">\n\t\t\t\t<div class=\"elementor-widget-container\">\n\t\t\t\t\t\t\t\t\t<p><strong>V\u00e5rt \u00e5tagande f\u00f6r tillg\u00e4nglighet till tj\u00e4nster<\/strong><\/p><p>P\u00e5 ePress \u00e4r vi engagerade i v\u00e5ra prenumeranter. Oavsett om du anv\u00e4nder tekniska hj\u00e4lpmedel som sk\u00e4rml\u00e4sare, f\u00f6rstoringsglas, r\u00f6stigenk\u00e4nningsprogram eller anslutningsteknik, eller om du uppt\u00e4cker att du har andra tillg\u00e4nglighetsbehov, anser vi att alla v\u00e5ra prenumeranter ska kunna anv\u00e4nda v\u00e5ra tj\u00e4nster p\u00e5 v\u00e5r webbplats och mobila webbplats. Eftersom vi omfamnar v\u00e4rdena m\u00e5ngfald och tillg\u00e4nglighet i allt vi g\u00f6r, \u00e4r v\u00e5rt uppdrag att g\u00f6ra ePress till det sj\u00e4lvklara valet f\u00f6r fritidsl\u00e4sning f\u00f6r alla individer.  <\/p><p><strong>Hur n\u00e5r vi v\u00e5ra m\u00e5l?<\/strong><\/p><p>Vi st\u00e4ller h\u00f6ga krav p\u00e5 tillg\u00e4ngligheten till v\u00e5ra onlinetj\u00e4nster och str\u00e4var efter att f\u00f6lja alla lagar och riktlinjer. V\u00e5rt professionella team arbetar f\u00f6r att g\u00f6ra anv\u00e4ndarupplevelsen p\u00e5 v\u00e5r webbplats och mobila webbplats s\u00e5 bra som m\u00f6jligt, och vi samarbetar med intresseorganisationer, branschpartner och leverant\u00f6rer f\u00f6r att identifiera omr\u00e5den som kan f\u00f6rb\u00e4ttras. <\/p><p>WCAG (Web Content Accessibility Guidelines) 2.0 niv\u00e5 AA \u00e4r erk\u00e4nd och accepterad som en internationell standard och ett bed\u00f6mningsverktyg. Vi str\u00e4var efter att uppfylla dessa standarder och testar regelbundet v\u00e5r webbplats f\u00f6r att s\u00e4kerst\u00e4lla efterlevnad. Vi inf\u00f6rlivar tillg\u00e4nglighet och inkluderande design som en integrerad del av allt v\u00e5rt digitala arbete: i projektdesign, implementering och f\u00f6rb\u00e4ttringar av webbplatsen baserat p\u00e5 kundfeedback. Vi samarbetar med intresseorganisationer och experter p\u00e5 tillg\u00e4nglighet och anv\u00e4ndbarhet f\u00f6r att s\u00e4kerst\u00e4lla att v\u00e5ra webbplatser fungerar som de ska. Vi l\u00e4r oss hela tiden. V\u00e5ra team l\u00e4r sig av allt vi g\u00f6r, och vi str\u00e4var alltid efter att f\u00f6rb\u00e4ttra prestanda, hastighet och tillg\u00e4nglighet.     <\/p><p><strong>\u00c5tg\u00e4rder f\u00f6r att f\u00f6rb\u00e4ttra tillg\u00e4ngligheten<\/strong><\/p><p>Vi fokuserar s\u00e4rskilt p\u00e5 f\u00f6ljande omr\u00e5den f\u00f6r att se till att v\u00e5r webbplats och mobila webbplats \u00e4r s\u00e5 anv\u00e4ndarv\u00e4nlig som m\u00f6jligt f\u00f6r alla abonnenter:<\/p><p><strong>Webbplatsstruktur:<\/strong> vi str\u00e4var efter att anv\u00e4nda l\u00e4mpliga rubriker, listor, stycken och andra designelement p\u00e5 epress.fi:s webbplats och appar f\u00f6r att hj\u00e4lpa prenumeranterna att f\u00f6rst\u00e5 inneh\u00e5llet och l\u00e4ttare navigera med hj\u00e4lp av hj\u00e4lpmedel.<\/p><p><strong>Textsvar:<\/strong> Personer som inte kan se bilder eller h\u00f6ra ljud kan beh\u00f6va n\u00e5gon form av surrogatpresentation f\u00f6r att interagera med v\u00e5ra webbplatser. Vi str\u00e4var efter att se till att v\u00e5ra bilder och multimedia \u00e4r fullt tillg\u00e4ngliga genom alternativ text, bildtexter och transkriptioner. <\/p><p><strong>Fullst\u00e4ndig \u00e5tkomst<\/strong> via tangentbord: Vi str\u00e4var efter att allt vi bygger ska kunna n\u00e5s via ett tangentbord.<\/p><p>Enhetlig <strong>webbplats:<\/strong> Vi str\u00e4var efter att bygga upp v\u00e5r webbplats och mobila webbplats p\u00e5 ett enhetligt s\u00e4tt. V\u00e5rt m\u00e5l \u00e4r att se till att du f\u00f6rst\u00e5r principen f\u00f6r hur du navigerar p\u00e5 v\u00e5r webbplats, s\u00e5 att du kan anv\u00e4nda b\u00e5de webbplatsen och v\u00e5r mobila webbplats p\u00e5 ett konsekvent s\u00e4tt. <\/p><p><strong>Beh\u00f6ver du hj\u00e4lp eller vill du ge feedback?<\/strong><\/p><p>Ge oss feedback: om du gillar epress.fi och mobilsajten, eller om du har n\u00e5gra problem, l\u00e5t oss veta det.<\/p><p>Skicka ett e-postmeddelande till oss p\u00e5: <strong><a href=\"mailto:info@epress.fi\">info@epress.fi<\/a><\/strong><\/p><p><strong>L\u00e4s mer p\u00e5 engelska<\/strong><\/p><p>W3C:s Web Accessibility Initiative (WAI) Resurser, strategier och riktlinjer f\u00f6r att g\u00f6ra webben fullt tillg\u00e4nglig f\u00f6r alla.<\/p>\t\t\t\t\t\t\t\t<\/div>\n\t\t\t\t<\/div>\n\t\t\t\t\t<\/div>\n\t\t\t\t<\/div>\n\t\t\t\t<\/div>\n\t\t","protected":false},"excerpt":{"rendered":"<p>Uttalande om tillg\u00e4nglighet V\u00e5rt \u00e5tagande f\u00f6r tillg\u00e4nglighet till tj\u00e4nster P\u00e5 ePress \u00e4r vi engagerade i v\u00e5ra prenumeranter. Oavsett om du anv\u00e4nder tekniska hj\u00e4lpmedel som sk\u00e4rml\u00e4sare, f\u00f6rstoringsglas, r\u00f6stigenk\u00e4nningsprogram eller anslutningsteknik, eller om du uppt\u00e4cker att du har andra tillg\u00e4nglighetsbehov, anser vi att alla v\u00e5ra prenumeranter ska kunna anv\u00e4nda v\u00e5ra tj\u00e4nster p\u00e5 v\u00e5r webbplats och mobila webbplats. [&hellip;]<\/p>\n","protected":false},"author":15,"featured_media":8520,"parent":0,"menu_order":0,"comment_status":"closed","ping_status":"closed","template":"","meta":{"site-sidebar-layout":"no-sidebar","site-content-layout":"page-builder","ast-site-content-layout":"full-width-container","site-content-style":"default","site-sidebar-style":"default","ast-global-header-display":"","ast-banner-title-visibility":"","ast-main-header-display":"","ast-hfb-above-header-display":"","ast-hfb-below-header-display":"","ast-hfb-mobile-header-display":"","site-post-title":"disabled","ast-breadcrumbs-content":"","ast-featured-img":"disabled","footer-sml-layout":"","ast-disable-related-posts":"","theme-transparent-header-meta":"","adv-header-id-meta":"","stick-header-meta":"","header-above-stick-meta":"","header-main-stick-meta":"","header-below-stick-meta":"","astra-migrate-meta-layouts":"default","ast-page-background-enabled":"default","ast-page-background-meta":{"desktop":{"background-color":"","background-image":"","background-repeat":"repeat","background-position":"center center","background-size":"auto","background-attachment":"scroll","background-type":"","background-media":"","overlay-type":"","overlay-color":"","overlay-opacity":"","overlay-gradient":""},"tablet":{"background-color":"","background-image":"","background-repeat":"repeat","background-position":"center center","background-size":"auto","background-attachment":"scroll","background-type":"","background-media":"","overlay-type":"","overlay-color":"","overlay-opacity":"","overlay-gradient":""},"mobile":{"background-color":"","background-image":"","background-repeat":"repeat","background-position":"center center","background-size":"auto","background-attachment":"scroll","background-type":"","background-media":"","overlay-type":"","overlay-color":"","overlay-opacity":"","overlay-gradient":""}},"ast-content-background-meta":{"desktop":{"background-color":"var(--ast-global-color-5)","background-image":"","background-repeat":"repeat","background-position":"center center","background-size":"auto","background-attachment":"scroll","background-type":"","background-media":"","overlay-type":"","overlay-color":"","overlay-opacity":"","overlay-gradient":""},"tablet":{"background-color":"var(--ast-global-color-5)","background-image":"","background-repeat":"repeat","background-position":"center center","background-size":"auto","background-attachment":"scroll","background-type":"","background-media":"","overlay-type":"","overlay-color":"","overlay-opacity":"","overlay-gradient":""},"mobile":{"background-color":"var(--ast-global-color-5)","background-image":"","background-repeat":"repeat","background-position":"center center","background-size":"auto","background-attachment":"scroll","background-type":"","background-media":"","overlay-type":"","overlay-color":"","overlay-opacity":"","overlay-gradient":""}},"footnotes":""},"class_list":["post-8751","page","type-page","status-publish","has-post-thumbnail","hentry"],"yoast_head":"<!-- This site is optimized with the Yoast SEO plugin v27.3 - https:\/\/yoast.com\/product\/yoast-seo-wordpress\/ -->\n<title>ePress - Uttalande om tillg\u00e4nglighet<\/title>\n<meta name=\"description\" content=\"Se ePress tillg\u00e4nglighetsbroschyr. Den beskriver hur tj\u00e4nsten uppfyller tillg\u00e4nglighetskraven och st\u00f6der tillg\u00e4ngligheten.\" \/>\n<meta name=\"robots\" content=\"index, follow, max-snippet:-1, max-image-preview:large, max-video-preview:-1\" \/>\n<link rel=\"canonical\" href=\"https:\/\/corporate.epress.fi\/sv\/uttalande-om-tillganglighet\/\" \/>\n<meta property=\"og:locale\" content=\"sv_SE\" \/>\n<meta property=\"og:type\" content=\"article\" \/>\n<meta property=\"og:title\" content=\"ePress - Uttalande om tillg\u00e4nglighet\" \/>\n<meta property=\"og:description\" content=\"Se ePress tillg\u00e4nglighetsbroschyr. Den beskriver hur tj\u00e4nsten uppfyller tillg\u00e4nglighetskraven och st\u00f6der tillg\u00e4ngligheten.\" \/>\n<meta property=\"og:url\" content=\"https:\/\/corporate.epress.fi\/sv\/uttalande-om-tillganglighet\/\" \/>\n<meta property=\"og:site_name\" content=\"ePress\u00ae\" \/>\n<meta property=\"article:modified_time\" content=\"2025-04-07T10:20:30+00:00\" \/>\n<meta property=\"og:image\" content=\"https:\/\/corporate.epress.fi\/wp-content\/uploads\/2024\/10\/epress-logo-2024-white.png\" \/>\n\t<meta property=\"og:image:width\" content=\"437\" \/>\n\t<meta property=\"og:image:height\" content=\"99\" \/>\n\t<meta property=\"og:image:type\" content=\"image\/png\" \/><meta property=\"og:image\" content=\"https:\/\/corporate.epress.fi\/wp-content\/uploads\/2024\/12\/f3e1d677-5aa7-47b6-83a7-7cc01f82b0d2-scaled.jpg\" \/>\n\t<meta property=\"og:image:width\" content=\"2560\" \/>\n\t<meta property=\"og:image:height\" content=\"937\" \/>\n\t<meta property=\"og:image:type\" content=\"image\/jpeg\" \/>\n<meta name=\"twitter:card\" content=\"summary_large_image\" \/>\n<meta name=\"twitter:label1\" content=\"Ber\u00e4knad l\u00e4stid\" \/>\n\t<meta name=\"twitter:data1\" content=\"3 minuter\" \/>\n<script type=\"application\/ld+json\" class=\"yoast-schema-graph\">{\"@context\":\"https:\\\/\\\/schema.org\",\"@graph\":[{\"@type\":\"WebPage\",\"@id\":\"https:\\\/\\\/corporate.epress.fi\\\/sv\\\/uttalande-om-tillganglighet\\\/\",\"url\":\"https:\\\/\\\/corporate.epress.fi\\\/sv\\\/uttalande-om-tillganglighet\\\/\",\"name\":\"ePress - Uttalande om tillg\u00e4nglighet\",\"isPartOf\":{\"@id\":\"https:\\\/\\\/corporate.epress.fi\\\/sv\\\/#website\"},\"primaryImageOfPage\":{\"@id\":\"https:\\\/\\\/corporate.epress.fi\\\/sv\\\/uttalande-om-tillganglighet\\\/#primaryimage\"},\"image\":{\"@id\":\"https:\\\/\\\/corporate.epress.fi\\\/sv\\\/uttalande-om-tillganglighet\\\/#primaryimage\"},\"thumbnailUrl\":\"https:\\\/\\\/corporate.epress.fi\\\/wp-content\\\/uploads\\\/2024\\\/12\\\/f3e1d677-5aa7-47b6-83a7-7cc01f82b0d2-scaled.jpg\",\"datePublished\":\"2025-01-07T05:31:55+00:00\",\"dateModified\":\"2025-04-07T10:20:30+00:00\",\"description\":\"Se ePress tillg\u00e4nglighetsbroschyr. Den beskriver hur tj\u00e4nsten uppfyller tillg\u00e4nglighetskraven och st\u00f6der tillg\u00e4ngligheten.\",\"breadcrumb\":{\"@id\":\"https:\\\/\\\/corporate.epress.fi\\\/sv\\\/uttalande-om-tillganglighet\\\/#breadcrumb\"},\"inLanguage\":\"sv-SE\",\"potentialAction\":[{\"@type\":\"ReadAction\",\"target\":[\"https:\\\/\\\/corporate.epress.fi\\\/sv\\\/uttalande-om-tillganglighet\\\/\"]}]},{\"@type\":\"ImageObject\",\"inLanguage\":\"sv-SE\",\"@id\":\"https:\\\/\\\/corporate.epress.fi\\\/sv\\\/uttalande-om-tillganglighet\\\/#primaryimage\",\"url\":\"https:\\\/\\\/corporate.epress.fi\\\/wp-content\\\/uploads\\\/2024\\\/12\\\/f3e1d677-5aa7-47b6-83a7-7cc01f82b0d2-scaled.jpg\",\"contentUrl\":\"https:\\\/\\\/corporate.epress.fi\\\/wp-content\\\/uploads\\\/2024\\\/12\\\/f3e1d677-5aa7-47b6-83a7-7cc01f82b0d2-scaled.jpg\",\"width\":2560,\"height\":937},{\"@type\":\"BreadcrumbList\",\"@id\":\"https:\\\/\\\/corporate.epress.fi\\\/sv\\\/uttalande-om-tillganglighet\\\/#breadcrumb\",\"itemListElement\":[{\"@type\":\"ListItem\",\"position\":1,\"name\":\"Home\",\"item\":\"https:\\\/\\\/corporate.epress.fi\\\/sv\\\/\"},{\"@type\":\"ListItem\",\"position\":2,\"name\":\"Uttalande om tillg\u00e4nglighet\"}]},{\"@type\":\"WebSite\",\"@id\":\"https:\\\/\\\/corporate.epress.fi\\\/sv\\\/#website\",\"url\":\"https:\\\/\\\/corporate.epress.fi\\\/sv\\\/\",\"name\":\"ePress\u00ae\",\"description\":\"Kaikki lehdet yhdest\u00e4 paikasta\",\"publisher\":{\"@id\":\"https:\\\/\\\/corporate.epress.fi\\\/sv\\\/#organization\"},\"potentialAction\":[{\"@type\":\"SearchAction\",\"target\":{\"@type\":\"EntryPoint\",\"urlTemplate\":\"https:\\\/\\\/corporate.epress.fi\\\/sv\\\/?s={search_term_string}\"},\"query-input\":{\"@type\":\"PropertyValueSpecification\",\"valueRequired\":true,\"valueName\":\"search_term_string\"}}],\"inLanguage\":\"sv-SE\"},{\"@type\":\"Organization\",\"@id\":\"https:\\\/\\\/corporate.epress.fi\\\/sv\\\/#organization\",\"name\":\"ePress\u00ae\",\"url\":\"https:\\\/\\\/corporate.epress.fi\\\/sv\\\/\",\"logo\":{\"@type\":\"ImageObject\",\"inLanguage\":\"sv-SE\",\"@id\":\"https:\\\/\\\/corporate.epress.fi\\\/sv\\\/#\\\/schema\\\/logo\\\/image\\\/\",\"url\":\"https:\\\/\\\/corporate.epress.fi\\\/wp-content\\\/uploads\\\/2024\\\/10\\\/epress-logo-2024-white.png\",\"contentUrl\":\"https:\\\/\\\/corporate.epress.fi\\\/wp-content\\\/uploads\\\/2024\\\/10\\\/epress-logo-2024-white.png\",\"width\":437,\"height\":99,\"caption\":\"ePress\u00ae\"},\"image\":{\"@id\":\"https:\\\/\\\/corporate.epress.fi\\\/sv\\\/#\\\/schema\\\/logo\\\/image\\\/\"}}]}<\/script>\n<!-- \/ Yoast SEO plugin. -->","yoast_head_json":{"title":"ePress - Uttalande om tillg\u00e4nglighet","description":"Se ePress tillg\u00e4nglighetsbroschyr. Den beskriver hur tj\u00e4nsten uppfyller tillg\u00e4nglighetskraven och st\u00f6der tillg\u00e4ngligheten.","robots":{"index":"index","follow":"follow","max-snippet":"max-snippet:-1","max-image-preview":"max-image-preview:large","max-video-preview":"max-video-preview:-1"},"canonical":"https:\/\/corporate.epress.fi\/sv\/uttalande-om-tillganglighet\/","og_locale":"sv_SE","og_type":"article","og_title":"ePress - Uttalande om tillg\u00e4nglighet","og_description":"Se ePress tillg\u00e4nglighetsbroschyr. Den beskriver hur tj\u00e4nsten uppfyller tillg\u00e4nglighetskraven och st\u00f6der tillg\u00e4ngligheten.","og_url":"https:\/\/corporate.epress.fi\/sv\/uttalande-om-tillganglighet\/","og_site_name":"ePress\u00ae","article_modified_time":"2025-04-07T10:20:30+00:00","og_image":[{"width":437,"height":99,"url":"https:\/\/corporate.epress.fi\/wp-content\/uploads\/2024\/10\/epress-logo-2024-white.png","type":"image\/png"},{"width":2560,"height":937,"url":"https:\/\/corporate.epress.fi\/wp-content\/uploads\/2024\/12\/f3e1d677-5aa7-47b6-83a7-7cc01f82b0d2-scaled.jpg","type":"image\/jpeg"}],"twitter_card":"summary_large_image","twitter_misc":{"Ber\u00e4knad l\u00e4stid":"3 minuter"},"schema":{"@context":"https:\/\/schema.org","@graph":[{"@type":"WebPage","@id":"https:\/\/corporate.epress.fi\/sv\/uttalande-om-tillganglighet\/","url":"https:\/\/corporate.epress.fi\/sv\/uttalande-om-tillganglighet\/","name":"ePress - Uttalande om tillg\u00e4nglighet","isPartOf":{"@id":"https:\/\/corporate.epress.fi\/sv\/#website"},"primaryImageOfPage":{"@id":"https:\/\/corporate.epress.fi\/sv\/uttalande-om-tillganglighet\/#primaryimage"},"image":{"@id":"https:\/\/corporate.epress.fi\/sv\/uttalande-om-tillganglighet\/#primaryimage"},"thumbnailUrl":"https:\/\/corporate.epress.fi\/wp-content\/uploads\/2024\/12\/f3e1d677-5aa7-47b6-83a7-7cc01f82b0d2-scaled.jpg","datePublished":"2025-01-07T05:31:55+00:00","dateModified":"2025-04-07T10:20:30+00:00","description":"Se ePress tillg\u00e4nglighetsbroschyr. Den beskriver hur tj\u00e4nsten uppfyller tillg\u00e4nglighetskraven och st\u00f6der tillg\u00e4ngligheten.","breadcrumb":{"@id":"https:\/\/corporate.epress.fi\/sv\/uttalande-om-tillganglighet\/#breadcrumb"},"inLanguage":"sv-SE","potentialAction":[{"@type":"ReadAction","target":["https:\/\/corporate.epress.fi\/sv\/uttalande-om-tillganglighet\/"]}]},{"@type":"ImageObject","inLanguage":"sv-SE","@id":"https:\/\/corporate.epress.fi\/sv\/uttalande-om-tillganglighet\/#primaryimage","url":"https:\/\/corporate.epress.fi\/wp-content\/uploads\/2024\/12\/f3e1d677-5aa7-47b6-83a7-7cc01f82b0d2-scaled.jpg","contentUrl":"https:\/\/corporate.epress.fi\/wp-content\/uploads\/2024\/12\/f3e1d677-5aa7-47b6-83a7-7cc01f82b0d2-scaled.jpg","width":2560,"height":937},{"@type":"BreadcrumbList","@id":"https:\/\/corporate.epress.fi\/sv\/uttalande-om-tillganglighet\/#breadcrumb","itemListElement":[{"@type":"ListItem","position":1,"name":"Home","item":"https:\/\/corporate.epress.fi\/sv\/"},{"@type":"ListItem","position":2,"name":"Uttalande om tillg\u00e4nglighet"}]},{"@type":"WebSite","@id":"https:\/\/corporate.epress.fi\/sv\/#website","url":"https:\/\/corporate.epress.fi\/sv\/","name":"ePress\u00ae","description":"Kaikki lehdet yhdest\u00e4 paikasta","publisher":{"@id":"https:\/\/corporate.epress.fi\/sv\/#organization"},"potentialAction":[{"@type":"SearchAction","target":{"@type":"EntryPoint","urlTemplate":"https:\/\/corporate.epress.fi\/sv\/?s={search_term_string}"},"query-input":{"@type":"PropertyValueSpecification","valueRequired":true,"valueName":"search_term_string"}}],"inLanguage":"sv-SE"},{"@type":"Organization","@id":"https:\/\/corporate.epress.fi\/sv\/#organization","name":"ePress\u00ae","url":"https:\/\/corporate.epress.fi\/sv\/","logo":{"@type":"ImageObject","inLanguage":"sv-SE","@id":"https:\/\/corporate.epress.fi\/sv\/#\/schema\/logo\/image\/","url":"https:\/\/corporate.epress.fi\/wp-content\/uploads\/2024\/10\/epress-logo-2024-white.png","contentUrl":"https:\/\/corporate.epress.fi\/wp-content\/uploads\/2024\/10\/epress-logo-2024-white.png","width":437,"height":99,"caption":"ePress\u00ae"},"image":{"@id":"https:\/\/corporate.epress.fi\/sv\/#\/schema\/logo\/image\/"}}]}},"_links":{"self":[{"href":"https:\/\/corporate.epress.fi\/sv\/wp-json\/wp\/v2\/pages\/8751","targetHints":{"allow":["GET"]}}],"collection":[{"href":"https:\/\/corporate.epress.fi\/sv\/wp-json\/wp\/v2\/pages"}],"about":[{"href":"https:\/\/corporate.epress.fi\/sv\/wp-json\/wp\/v2\/types\/page"}],"author":[{"embeddable":true,"href":"https:\/\/corporate.epress.fi\/sv\/wp-json\/wp\/v2\/users\/15"}],"replies":[{"embeddable":true,"href":"https:\/\/corporate.epress.fi\/sv\/wp-json\/wp\/v2\/comments?post=8751"}],"version-history":[{"count":7,"href":"https:\/\/corporate.epress.fi\/sv\/wp-json\/wp\/v2\/pages\/8751\/revisions"}],"predecessor-version":[{"id":11224,"href":"https:\/\/corporate.epress.fi\/sv\/wp-json\/wp\/v2\/pages\/8751\/revisions\/11224"}],"wp:featuredmedia":[{"embeddable":true,"href":"https:\/\/corporate.epress.fi\/sv\/wp-json\/wp\/v2\/media\/8520"}],"wp:attachment":[{"href":"https:\/\/corporate.epress.fi\/sv\/wp-json\/wp\/v2\/media?parent=8751"}],"curies":[{"name":"wp","href":"https:\/\/api.w.org\/{rel}","templated":true}]}}