{"id":8757,"date":"2025-01-07T05:27:23","date_gmt":"2025-01-07T05:27:23","guid":{"rendered":"https:\/\/corporate.epress.fi\/skydd-av-personuppgifter\/"},"modified":"2025-04-07T10:21:44","modified_gmt":"2025-04-07T10:21:44","slug":"skydd-av-personuppgifter","status":"publish","type":"page","link":"https:\/\/corporate.epress.fi\/sv\/skydd-av-personuppgifter\/","title":{"rendered":"Skydd av personuppgifter"},"content":{"rendered":"\t\t<div data-elementor-type=\"wp-page\" data-elementor-id=\"8757\" class=\"elementor elementor-8757 elementor-7844\" data-elementor-post-type=\"page\">\n\t\t\t\t<div class=\"elementor-element elementor-element-643e99d subhero-container e-flex e-con-boxed e-con e-child\" data-id=\"643e99d\" data-element_type=\"container\" data-e-type=\"container\" data-settings=\"{&quot;background_background&quot;:&quot;classic&quot;}\">\n\t\t\t\t\t<div class=\"e-con-inner\">\n\t\t\t\t<div class=\"elementor-element elementor-element-1a2b743 elementor-widget__width-inherit elementor-invisible elementor-widget elementor-widget-heading\" data-id=\"1a2b743\" data-element_type=\"widget\" data-e-type=\"widget\" data-settings=\"{&quot;_animation&quot;:&quot;fadeIn&quot;,&quot;_animation_delay&quot;:&quot;200&quot;}\" data-widget_type=\"heading.default\">\n\t\t\t\t<div class=\"elementor-widget-container\">\n\t\t\t\t\t<h1 class=\"elementor-heading-title elementor-size-default\">Skydd av personuppgifter<\/h1>\t\t\t\t<\/div>\n\t\t\t\t<\/div>\n\t\t\t\t\t<\/div>\n\t\t\t\t<\/div>\n\t\t<div class=\"elementor-element elementor-element-9a7939c e-flex e-con-boxed e-con e-parent\" data-id=\"9a7939c\" data-element_type=\"container\" data-e-type=\"container\">\n\t\t\t\t\t<div class=\"e-con-inner\">\n\t\t\t\t<div class=\"elementor-element elementor-element-44b1582 elementor-widget elementor-widget-text-editor\" data-id=\"44b1582\" data-element_type=\"widget\" data-e-type=\"widget\" data-widget_type=\"text-editor.default\">\n\t\t\t\t<div class=\"elementor-widget-container\">\n\t\t\t\t\t\t\t\t\t<p><a class=\"ccb__edit\" href=\"https:\/\/epress.fi\/info\/privacy#\">\u00c4ndra dina cookie-inst\u00e4llningar<\/a><\/p><p>Uppdaterad: 28.12.2022<\/p><div class=\"legal\"><section><h5>REGISTER OCH INTEGRITETSPOLICY<\/h5><p>Ett register och ett meddelande om dataskydd i enlighet med artiklarna 13 och 14 i EU:s allm\u00e4nna dataskyddsf\u00f6rordning (GDPR).<\/p><\/section><section><h5>PERSONUPPGIFTSANSVARIG<\/h5><p>ePress<br>P.O. Box 102<br>Helsinki,<br>Finland<br>1646321-0<br>info@epress.fi<\/p><p>Dataskyddsombud: Kimmo Laine, info@epress.fi<\/p><\/section><section><h5>NAMNET P\u00c5 REGISTRET<\/h5><p>ePress Nordiskt kundregister<\/p><\/section><section><h5>GRUNDERNA F\u00d6R ATT F\u00d6RA REGISTRET<\/h5><p>Kundrelationer<\/p><\/section><section><h5>SYFTET MED REGISTRET<\/h5><p>Registret anv\u00e4nds f\u00f6r hantering av kundrelationer, kundkontakt och marknadsf\u00f6ring.<\/p><p>Namn- och adressuppgifter i registret f\u00e5r l\u00e4mnas ut f\u00f6r direktmarknadsf\u00f6ring om kunden har godk\u00e4nt att uppgifterna l\u00e4mnas ut f\u00f6r detta \u00e4ndam\u00e5l.<\/p><p>Uppgifterna kommer inte att anv\u00e4ndas f\u00f6r beslutsfattande som enbart grundas p\u00e5 automatiserad behandling.<\/p><\/section><section><h5>R\u00c4TTSLIG GRUND F\u00d6R BEHANDLING AV PERSONUPPGIFTER<\/h5><p>Avtalet. Behandlingen av personuppgifter \u00e4r n\u00f6dv\u00e4ndig f\u00f6r att fullg\u00f6ra ett avtal mellan anv\u00e4ndaren och ePress, dvs. f\u00f6r tillhandah\u00e5llandet av ePress tj\u00e4nster. Den personuppgiftsansvarige kan inte tillhandah\u00e5lla tj\u00e4nsten utan tillr\u00e4cklig information om de registrerade som har r\u00e4tt att anv\u00e4nda tj\u00e4nsten.  <\/p><p>En r\u00e4ttslig f\u00f6rpliktelse. Den personuppgiftsansvarige m\u00e5ste behandla de verifikationer som r\u00f6r betalningar enligt kraven i bokf\u00f6ringslagstiftningen. <\/p><p>Samtycke. Den registrerade kan ge sitt samtycke till att hans eller hennes personuppgifter l\u00e4mnas ut f\u00f6r direktmarknadsf\u00f6rings\u00e4ndam\u00e5l. Den registrerade har r\u00e4tt att n\u00e4r som helst \u00e5terkalla sitt samtycke, i vilket fall personuppgifterna inte l\u00e4ngre kommer att anv\u00e4ndas f\u00f6r direktmarknadsf\u00f6rings\u00e4ndam\u00e5l.  <\/p><p>Intresseavv\u00e4gning. Den personuppgiftsansvarige behandlar uppgifter som r\u00f6r anv\u00e4ndningen av tj\u00e4nsten f\u00f6r att utveckla och f\u00f6rb\u00e4ttra kvaliteten p\u00e5 sina tj\u00e4nster. <\/p><\/section><section><h5>DEN INFORMATION SOM FINNS I REGISTRET<\/h5><p><br><br><br><br><br><br><br><br><br>Grundl\u00e4ggande information som f\u00f6r- och efternamn, telefonnummer, e-postadress F\u00f6retag, organisationsnamn, f\u00f6retags-ID och kontaktinformation Kundnummer Spr\u00e5kpreferens Aktiva tj\u00e4nster Best\u00e4llda tj\u00e4nster Annan information som erh\u00e5lls under kundrelationen Faktureringsinformation Avanm\u00e4lan av direktmarknadsf\u00f6ring Inloggning IP-adress<\/p><p>Registret inneh\u00e5ller inte all denna information om alla anv\u00e4ndare.<\/p><\/section><section><h5>K\u00c4LLOR<\/h5><p>De kunduppgifter som finns i registret samlas in i samband med att kundrelationen etableras och i samband med att kunden \u00e4ndrar sina uppgifter. Ett f\u00f6rbud mot direktmarknadsf\u00f6ring registreras i samband med kundregistreringen eller p\u00e5 basis av ett separat meddelande. Kundens samtycke till elektronisk direktmarknadsf\u00f6ring beg\u00e4rs separat i enlighet med lagen om tj\u00e4nster inom elektronisk kommunikation.  <\/p><\/section><section><h5>UTL\u00c4MNANDE AV INFORMATION<\/h5><p>ePress Nordic kan l\u00e4mna ut kundinformation i den utstr\u00e4ckning som till\u00e5ts och kr\u00e4vs enligt till\u00e4mplig lag. Information kan l\u00e4mnas ut till de partners (t.ex. tidskriftsf\u00f6rlag) vars produkter eller tj\u00e4nster anv\u00e4nds av anv\u00e4ndaren och f\u00f6r vilka ePress Nordic fungerar som \u00e5terf\u00f6rs\u00e4ljare eller tj\u00e4nsteleverant\u00f6r. <\/p><p>Om vi s\u00e4ljer, fusionerar eller p\u00e5 annat s\u00e4tt omorganiserar v\u00e5r verksamhet kan personuppgifter komma att l\u00e4mnas ut till k\u00f6pare och deras r\u00e5dgivare.<\/p><p>Som regel kommer uppgifter inte att l\u00e4mnas ut till tredje part utan den registrerades samtycke.<\/p><p>Uppgifterna kommer inte att \u00f6verf\u00f6ras till l\u00e4nder utanf\u00f6r EU eller EES.<\/p><\/section><section><h5>LAGRINGSTIDEN F\u00d6R PERSONUPPGIFTER<\/h5><p>Personuppgifterna lagras under hela kundf\u00f6rh\u00e5llandet och i h\u00f6gst ett \u00e5r efter att kundf\u00f6rh\u00e5llandet har upph\u00f6rt.<\/p><p>Vouchrar och personuppgifter som r\u00f6r betalningar behandlas under sex \u00e5r fr\u00e5n utg\u00e5ngen av det r\u00e4kenskaps\u00e5r som vouchern avser.<\/p><p>Uppgifter som behandlas med den registrerades samtycke kommer att sparas i h\u00f6gst 30 dagar efter det att samtycket \u00e5terkallats.<\/p><\/section><section><h5>SKYDD AV REGISTRET<\/h5><p>Registret behandlas med tillb\u00f6rlig omsorg och de uppgifter som behandlas i informationssystemen \u00e4r tillr\u00e4ckligt skyddade. Om uppgifterna lagras p\u00e5 internetservrar, s\u00e4kerst\u00e4lls maskinvarans fysiska och digitala s\u00e4kerhet p\u00e5 ett adekvat s\u00e4tt och i enlighet med branschens allm\u00e4nna s\u00e4kerhetspraxis. Den personuppgiftsansvarige ska se till att de lagrade uppgifterna, liksom \u00e5tkomstr\u00e4ttigheter till servern och annan information som \u00e4r kritisk f\u00f6r s\u00e4kerheten f\u00f6r personuppgifter, behandlas konfidentiellt och endast av ePress Nordics anst\u00e4llda eller underleverant\u00f6rer vars arbetsbeskrivning omfattar detta och som \u00e4r bundna av en bindande sekretessf\u00f6rpliktelse.  <\/p><\/section><section><h5>R\u00c4TT TILL INSYN OCH R\u00c4TT ATT BEG\u00c4RA ATT UPPGIFTER R\u00c4TTAS<\/h5><p>Varje person i registret har r\u00e4tt att kontrollera den information som lagras i registret och att beg\u00e4ra r\u00e4ttelse av felaktig eller ofullst\u00e4ndig information. Likas\u00e5 har var och en r\u00e4tt att f\u00e5 bekr\u00e4ftelse p\u00e5 att personuppgifter som r\u00f6r honom eller henne inte behandlas. Om den registrerade vill kontrollera eller beg\u00e4ra r\u00e4ttelse av de uppgifter som finns lagrade om honom eller henne, ska beg\u00e4ran skickas till den personuppgiftsansvarige. Den personuppgiftsansvarige kan vid behov be den s\u00f6kande att styrka sin identitet. Den personuppgiftsansvarige svarar kunden inom de tidsfrister som anges i EU:s allm\u00e4nna dataskyddsf\u00f6rordning.    <\/p><\/section><section><h5>ANDRA R\u00c4TTIGHETER I SAMBAND MED BEHANDLING AV PERSONUPPGIFTER<\/h5><p>En person i registret har r\u00e4tt att beg\u00e4ra att personuppgifter som r\u00f6r honom eller henne raderas fr\u00e5n registret (&#8221;r\u00e4tten att bli bortgl\u00f6md&#8221;). Den registrerade har ocks\u00e5 r\u00e4tt att inv\u00e4nda mot behandlingen av sina personuppgifter om behandlingen grundar sig p\u00e5 den personuppgiftsansvariges ber\u00e4ttigade intressen. Den registrerade har ocks\u00e5 r\u00e4tt att begr\u00e4nsa behandlingen av sina personuppgifter och r\u00e4tt att \u00f6verf\u00f6ra sina uppgifter fr\u00e5n ett system till ett annat. Beg\u00e4ran ska skickas till den personuppgiftsansvarige. Den personuppgiftsansvarige kan vid behov be den s\u00f6kande att styrka sin identitet. Den personuppgiftsansvarige kommer att svara kunden inom de tidsfrister som anges i EU:s allm\u00e4nna dataskyddsf\u00f6rordning.     <\/p><p>Om den registrerade anser att behandlingen av personuppgifter inte \u00e4r f\u00f6renlig med dataskyddsf\u00f6rordningen, har den registrerade r\u00e4tt att l\u00e4mna in ett klagom\u00e5l till tillsynsmyndigheten. Dataombudsmannens byr\u00e5 \u00e4r tillsynsmyndighet i Finland. Kontaktuppgifterna till dataombudsmannens byr\u00e5 finns p\u00e5 dess webbplats p\u00e5 adressen tietosuoja.fi\/yhteystiedot.  <\/p><\/section><\/div>\t\t\t\t\t\t\t\t<\/div>\n\t\t\t\t<\/div>\n\t\t\t\t\t<\/div>\n\t\t\t\t<\/div>\n\t\t\t\t<\/div>\n\t\t","protected":false},"excerpt":{"rendered":"<p>Skydd av personuppgifter \u00c4ndra dina cookie-inst\u00e4llningar Uppdaterad: 28.12.2022 REGISTER OCH INTEGRITETSPOLICY Ett register och ett meddelande om dataskydd i enlighet med artiklarna 13 och 14 i EU:s allm\u00e4nna dataskyddsf\u00f6rordning (GDPR). PERSONUPPGIFTSANSVARIG ePressP.O. Box 102Helsinki,Finland1646321-0info@epress.fi Dataskyddsombud: Kimmo Laine, info@epress.fi NAMNET P\u00c5 REGISTRET ePress Nordiskt kundregister GRUNDERNA F\u00d6R ATT F\u00d6RA REGISTRET Kundrelationer SYFTET MED REGISTRET Registret anv\u00e4nds [&hellip;]<\/p>\n","protected":false},"author":15,"featured_media":8520,"parent":0,"menu_order":0,"comment_status":"closed","ping_status":"closed","template":"","meta":{"site-sidebar-layout":"no-sidebar","site-content-layout":"page-builder","ast-site-content-layout":"full-width-container","site-content-style":"default","site-sidebar-style":"default","ast-global-header-display":"","ast-banner-title-visibility":"","ast-main-header-display":"","ast-hfb-above-header-display":"","ast-hfb-below-header-display":"","ast-hfb-mobile-header-display":"","site-post-title":"disabled","ast-breadcrumbs-content":"","ast-featured-img":"disabled","footer-sml-layout":"","ast-disable-related-posts":"","theme-transparent-header-meta":"","adv-header-id-meta":"","stick-header-meta":"","header-above-stick-meta":"","header-main-stick-meta":"","header-below-stick-meta":"","astra-migrate-meta-layouts":"set","ast-page-background-enabled":"default","ast-page-background-meta":{"desktop":{"background-color":"","background-image":"","background-repeat":"repeat","background-position":"center center","background-size":"auto","background-attachment":"scroll","background-type":"","background-media":"","overlay-type":"","overlay-color":"","overlay-opacity":"","overlay-gradient":""},"tablet":{"background-color":"","background-image":"","background-repeat":"repeat","background-position":"center center","background-size":"auto","background-attachment":"scroll","background-type":"","background-media":"","overlay-type":"","overlay-color":"","overlay-opacity":"","overlay-gradient":""},"mobile":{"background-color":"","background-image":"","background-repeat":"repeat","background-position":"center center","background-size":"auto","background-attachment":"scroll","background-type":"","background-media":"","overlay-type":"","overlay-color":"","overlay-opacity":"","overlay-gradient":""}},"ast-content-background-meta":{"desktop":{"background-color":"var(--ast-global-color-5)","background-image":"","background-repeat":"repeat","background-position":"center center","background-size":"auto","background-attachment":"scroll","background-type":"","background-media":"","overlay-type":"","overlay-color":"","overlay-opacity":"","overlay-gradient":""},"tablet":{"background-color":"var(--ast-global-color-5)","background-image":"","background-repeat":"repeat","background-position":"center center","background-size":"auto","background-attachment":"scroll","background-type":"","background-media":"","overlay-type":"","overlay-color":"","overlay-opacity":"","overlay-gradient":""},"mobile":{"background-color":"var(--ast-global-color-5)","background-image":"","background-repeat":"repeat","background-position":"center center","background-size":"auto","background-attachment":"scroll","background-type":"","background-media":"","overlay-type":"","overlay-color":"","overlay-opacity":"","overlay-gradient":""}},"footnotes":""},"class_list":["post-8757","page","type-page","status-publish","has-post-thumbnail","hentry"],"yoast_head":"<!-- This site is optimized with the Yoast SEO plugin v27.5 - https:\/\/yoast.com\/product\/yoast-seo-wordpress\/ -->\n<title>ePress - Integritetspolicy<\/title>\n<meta name=\"description\" content=\"L\u00e4s ePress integritetspolicy. Den f\u00f6rklarar hur vi hanterar anv\u00e4ndardata p\u00e5 ett s\u00e4kert och \u00f6ppet s\u00e4tt i v\u00e5r tj\u00e4nst.\" \/>\n<meta name=\"robots\" content=\"index, follow, max-snippet:-1, max-image-preview:large, max-video-preview:-1\" \/>\n<link rel=\"canonical\" href=\"https:\/\/corporate.epress.fi\/sv\/skydd-av-personuppgifter\/\" \/>\n<meta property=\"og:locale\" content=\"sv_SE\" \/>\n<meta property=\"og:type\" content=\"article\" \/>\n<meta property=\"og:title\" content=\"ePress - Integritetspolicy\" \/>\n<meta property=\"og:description\" content=\"L\u00e4s ePress integritetspolicy. Den f\u00f6rklarar hur vi hanterar anv\u00e4ndardata p\u00e5 ett s\u00e4kert och \u00f6ppet s\u00e4tt i v\u00e5r tj\u00e4nst.\" \/>\n<meta property=\"og:url\" content=\"https:\/\/corporate.epress.fi\/sv\/skydd-av-personuppgifter\/\" \/>\n<meta property=\"og:site_name\" content=\"ePress\u00ae\" \/>\n<meta property=\"article:modified_time\" content=\"2025-04-07T10:21:44+00:00\" \/>\n<meta property=\"og:image\" content=\"https:\/\/corporate.epress.fi\/wp-content\/uploads\/2024\/10\/epress-logo-2024-white.png\" \/>\n\t<meta property=\"og:image:width\" content=\"437\" \/>\n\t<meta property=\"og:image:height\" content=\"99\" \/>\n\t<meta property=\"og:image:type\" content=\"image\/png\" \/><meta property=\"og:image\" content=\"https:\/\/corporate.epress.fi\/wp-content\/uploads\/2024\/12\/f3e1d677-5aa7-47b6-83a7-7cc01f82b0d2-scaled.jpg\" \/>\n\t<meta property=\"og:image:width\" content=\"2560\" \/>\n\t<meta property=\"og:image:height\" content=\"937\" \/>\n\t<meta property=\"og:image:type\" content=\"image\/jpeg\" \/>\n<meta name=\"twitter:card\" content=\"summary_large_image\" \/>\n<meta name=\"twitter:label1\" content=\"Ber\u00e4knad l\u00e4stid\" \/>\n\t<meta name=\"twitter:data1\" content=\"5 minuter\" \/>\n<script type=\"application\/ld+json\" class=\"yoast-schema-graph\">{\"@context\":\"https:\\\/\\\/schema.org\",\"@graph\":[{\"@type\":\"WebPage\",\"@id\":\"https:\\\/\\\/corporate.epress.fi\\\/sv\\\/skydd-av-personuppgifter\\\/\",\"url\":\"https:\\\/\\\/corporate.epress.fi\\\/sv\\\/skydd-av-personuppgifter\\\/\",\"name\":\"ePress - Integritetspolicy\",\"isPartOf\":{\"@id\":\"https:\\\/\\\/corporate.epress.fi\\\/sv\\\/#website\"},\"primaryImageOfPage\":{\"@id\":\"https:\\\/\\\/corporate.epress.fi\\\/sv\\\/skydd-av-personuppgifter\\\/#primaryimage\"},\"image\":{\"@id\":\"https:\\\/\\\/corporate.epress.fi\\\/sv\\\/skydd-av-personuppgifter\\\/#primaryimage\"},\"thumbnailUrl\":\"https:\\\/\\\/corporate.epress.fi\\\/wp-content\\\/uploads\\\/2024\\\/12\\\/f3e1d677-5aa7-47b6-83a7-7cc01f82b0d2-scaled.jpg\",\"datePublished\":\"2025-01-07T05:27:23+00:00\",\"dateModified\":\"2025-04-07T10:21:44+00:00\",\"description\":\"L\u00e4s ePress integritetspolicy. Den f\u00f6rklarar hur vi hanterar anv\u00e4ndardata p\u00e5 ett s\u00e4kert och \u00f6ppet s\u00e4tt i v\u00e5r tj\u00e4nst.\",\"breadcrumb\":{\"@id\":\"https:\\\/\\\/corporate.epress.fi\\\/sv\\\/skydd-av-personuppgifter\\\/#breadcrumb\"},\"inLanguage\":\"sv-SE\",\"potentialAction\":[{\"@type\":\"ReadAction\",\"target\":[\"https:\\\/\\\/corporate.epress.fi\\\/sv\\\/skydd-av-personuppgifter\\\/\"]}]},{\"@type\":\"ImageObject\",\"inLanguage\":\"sv-SE\",\"@id\":\"https:\\\/\\\/corporate.epress.fi\\\/sv\\\/skydd-av-personuppgifter\\\/#primaryimage\",\"url\":\"https:\\\/\\\/corporate.epress.fi\\\/wp-content\\\/uploads\\\/2024\\\/12\\\/f3e1d677-5aa7-47b6-83a7-7cc01f82b0d2-scaled.jpg\",\"contentUrl\":\"https:\\\/\\\/corporate.epress.fi\\\/wp-content\\\/uploads\\\/2024\\\/12\\\/f3e1d677-5aa7-47b6-83a7-7cc01f82b0d2-scaled.jpg\",\"width\":2560,\"height\":937},{\"@type\":\"BreadcrumbList\",\"@id\":\"https:\\\/\\\/corporate.epress.fi\\\/sv\\\/skydd-av-personuppgifter\\\/#breadcrumb\",\"itemListElement\":[{\"@type\":\"ListItem\",\"position\":1,\"name\":\"Home\",\"item\":\"https:\\\/\\\/corporate.epress.fi\\\/sv\\\/\"},{\"@type\":\"ListItem\",\"position\":2,\"name\":\"Skydd av personuppgifter\"}]},{\"@type\":\"WebSite\",\"@id\":\"https:\\\/\\\/corporate.epress.fi\\\/sv\\\/#website\",\"url\":\"https:\\\/\\\/corporate.epress.fi\\\/sv\\\/\",\"name\":\"ePress\u00ae\",\"description\":\"Kaikki lehdet yhdest\u00e4 paikasta\",\"publisher\":{\"@id\":\"https:\\\/\\\/corporate.epress.fi\\\/sv\\\/#organization\"},\"potentialAction\":[{\"@type\":\"SearchAction\",\"target\":{\"@type\":\"EntryPoint\",\"urlTemplate\":\"https:\\\/\\\/corporate.epress.fi\\\/sv\\\/?s={search_term_string}\"},\"query-input\":{\"@type\":\"PropertyValueSpecification\",\"valueRequired\":true,\"valueName\":\"search_term_string\"}}],\"inLanguage\":\"sv-SE\"},{\"@type\":\"Organization\",\"@id\":\"https:\\\/\\\/corporate.epress.fi\\\/sv\\\/#organization\",\"name\":\"ePress\u00ae\",\"url\":\"https:\\\/\\\/corporate.epress.fi\\\/sv\\\/\",\"logo\":{\"@type\":\"ImageObject\",\"inLanguage\":\"sv-SE\",\"@id\":\"https:\\\/\\\/corporate.epress.fi\\\/sv\\\/#\\\/schema\\\/logo\\\/image\\\/\",\"url\":\"https:\\\/\\\/corporate.epress.fi\\\/wp-content\\\/uploads\\\/2024\\\/10\\\/epress-logo-2024-white.png\",\"contentUrl\":\"https:\\\/\\\/corporate.epress.fi\\\/wp-content\\\/uploads\\\/2024\\\/10\\\/epress-logo-2024-white.png\",\"width\":437,\"height\":99,\"caption\":\"ePress\u00ae\"},\"image\":{\"@id\":\"https:\\\/\\\/corporate.epress.fi\\\/sv\\\/#\\\/schema\\\/logo\\\/image\\\/\"}}]}<\/script>\n<!-- \/ Yoast SEO plugin. -->","yoast_head_json":{"title":"ePress - Integritetspolicy","description":"L\u00e4s ePress integritetspolicy. Den f\u00f6rklarar hur vi hanterar anv\u00e4ndardata p\u00e5 ett s\u00e4kert och \u00f6ppet s\u00e4tt i v\u00e5r tj\u00e4nst.","robots":{"index":"index","follow":"follow","max-snippet":"max-snippet:-1","max-image-preview":"max-image-preview:large","max-video-preview":"max-video-preview:-1"},"canonical":"https:\/\/corporate.epress.fi\/sv\/skydd-av-personuppgifter\/","og_locale":"sv_SE","og_type":"article","og_title":"ePress - Integritetspolicy","og_description":"L\u00e4s ePress integritetspolicy. Den f\u00f6rklarar hur vi hanterar anv\u00e4ndardata p\u00e5 ett s\u00e4kert och \u00f6ppet s\u00e4tt i v\u00e5r tj\u00e4nst.","og_url":"https:\/\/corporate.epress.fi\/sv\/skydd-av-personuppgifter\/","og_site_name":"ePress\u00ae","article_modified_time":"2025-04-07T10:21:44+00:00","og_image":[{"width":437,"height":99,"url":"https:\/\/corporate.epress.fi\/wp-content\/uploads\/2024\/10\/epress-logo-2024-white.png","type":"image\/png"},{"width":2560,"height":937,"url":"https:\/\/corporate.epress.fi\/wp-content\/uploads\/2024\/12\/f3e1d677-5aa7-47b6-83a7-7cc01f82b0d2-scaled.jpg","type":"image\/jpeg"}],"twitter_card":"summary_large_image","twitter_misc":{"Ber\u00e4knad l\u00e4stid":"5 minuter"},"schema":{"@context":"https:\/\/schema.org","@graph":[{"@type":"WebPage","@id":"https:\/\/corporate.epress.fi\/sv\/skydd-av-personuppgifter\/","url":"https:\/\/corporate.epress.fi\/sv\/skydd-av-personuppgifter\/","name":"ePress - Integritetspolicy","isPartOf":{"@id":"https:\/\/corporate.epress.fi\/sv\/#website"},"primaryImageOfPage":{"@id":"https:\/\/corporate.epress.fi\/sv\/skydd-av-personuppgifter\/#primaryimage"},"image":{"@id":"https:\/\/corporate.epress.fi\/sv\/skydd-av-personuppgifter\/#primaryimage"},"thumbnailUrl":"https:\/\/corporate.epress.fi\/wp-content\/uploads\/2024\/12\/f3e1d677-5aa7-47b6-83a7-7cc01f82b0d2-scaled.jpg","datePublished":"2025-01-07T05:27:23+00:00","dateModified":"2025-04-07T10:21:44+00:00","description":"L\u00e4s ePress integritetspolicy. Den f\u00f6rklarar hur vi hanterar anv\u00e4ndardata p\u00e5 ett s\u00e4kert och \u00f6ppet s\u00e4tt i v\u00e5r tj\u00e4nst.","breadcrumb":{"@id":"https:\/\/corporate.epress.fi\/sv\/skydd-av-personuppgifter\/#breadcrumb"},"inLanguage":"sv-SE","potentialAction":[{"@type":"ReadAction","target":["https:\/\/corporate.epress.fi\/sv\/skydd-av-personuppgifter\/"]}]},{"@type":"ImageObject","inLanguage":"sv-SE","@id":"https:\/\/corporate.epress.fi\/sv\/skydd-av-personuppgifter\/#primaryimage","url":"https:\/\/corporate.epress.fi\/wp-content\/uploads\/2024\/12\/f3e1d677-5aa7-47b6-83a7-7cc01f82b0d2-scaled.jpg","contentUrl":"https:\/\/corporate.epress.fi\/wp-content\/uploads\/2024\/12\/f3e1d677-5aa7-47b6-83a7-7cc01f82b0d2-scaled.jpg","width":2560,"height":937},{"@type":"BreadcrumbList","@id":"https:\/\/corporate.epress.fi\/sv\/skydd-av-personuppgifter\/#breadcrumb","itemListElement":[{"@type":"ListItem","position":1,"name":"Home","item":"https:\/\/corporate.epress.fi\/sv\/"},{"@type":"ListItem","position":2,"name":"Skydd av personuppgifter"}]},{"@type":"WebSite","@id":"https:\/\/corporate.epress.fi\/sv\/#website","url":"https:\/\/corporate.epress.fi\/sv\/","name":"ePress\u00ae","description":"Kaikki lehdet yhdest\u00e4 paikasta","publisher":{"@id":"https:\/\/corporate.epress.fi\/sv\/#organization"},"potentialAction":[{"@type":"SearchAction","target":{"@type":"EntryPoint","urlTemplate":"https:\/\/corporate.epress.fi\/sv\/?s={search_term_string}"},"query-input":{"@type":"PropertyValueSpecification","valueRequired":true,"valueName":"search_term_string"}}],"inLanguage":"sv-SE"},{"@type":"Organization","@id":"https:\/\/corporate.epress.fi\/sv\/#organization","name":"ePress\u00ae","url":"https:\/\/corporate.epress.fi\/sv\/","logo":{"@type":"ImageObject","inLanguage":"sv-SE","@id":"https:\/\/corporate.epress.fi\/sv\/#\/schema\/logo\/image\/","url":"https:\/\/corporate.epress.fi\/wp-content\/uploads\/2024\/10\/epress-logo-2024-white.png","contentUrl":"https:\/\/corporate.epress.fi\/wp-content\/uploads\/2024\/10\/epress-logo-2024-white.png","width":437,"height":99,"caption":"ePress\u00ae"},"image":{"@id":"https:\/\/corporate.epress.fi\/sv\/#\/schema\/logo\/image\/"}}]}},"_links":{"self":[{"href":"https:\/\/corporate.epress.fi\/sv\/wp-json\/wp\/v2\/pages\/8757","targetHints":{"allow":["GET"]}}],"collection":[{"href":"https:\/\/corporate.epress.fi\/sv\/wp-json\/wp\/v2\/pages"}],"about":[{"href":"https:\/\/corporate.epress.fi\/sv\/wp-json\/wp\/v2\/types\/page"}],"author":[{"embeddable":true,"href":"https:\/\/corporate.epress.fi\/sv\/wp-json\/wp\/v2\/users\/15"}],"replies":[{"embeddable":true,"href":"https:\/\/corporate.epress.fi\/sv\/wp-json\/wp\/v2\/comments?post=8757"}],"version-history":[{"count":12,"href":"https:\/\/corporate.epress.fi\/sv\/wp-json\/wp\/v2\/pages\/8757\/revisions"}],"predecessor-version":[{"id":11227,"href":"https:\/\/corporate.epress.fi\/sv\/wp-json\/wp\/v2\/pages\/8757\/revisions\/11227"}],"wp:featuredmedia":[{"embeddable":true,"href":"https:\/\/corporate.epress.fi\/sv\/wp-json\/wp\/v2\/media\/8520"}],"wp:attachment":[{"href":"https:\/\/corporate.epress.fi\/sv\/wp-json\/wp\/v2\/media?parent=8757"}],"curies":[{"name":"wp","href":"https:\/\/api.w.org\/{rel}","templated":true}]}}