{"id":8759,"date":"2025-01-07T05:19:41","date_gmt":"2025-01-07T05:19:41","guid":{"rendered":"https:\/\/corporate.epress.fi\/visselblasning\/"},"modified":"2025-04-07T09:50:39","modified_gmt":"2025-04-07T09:50:39","slug":"visselblasning","status":"publish","type":"page","link":"https:\/\/corporate.epress.fi\/sv\/visselblasning\/","title":{"rendered":"Visselbl\u00e5sning"},"content":{"rendered":"\t\t<div data-elementor-type=\"wp-page\" data-elementor-id=\"8759\" class=\"elementor elementor-8759 elementor-7839\" data-elementor-post-type=\"page\">\n\t\t\t\t<div class=\"elementor-element elementor-element-8c5031f subhero-container e-flex e-con-boxed e-con e-child\" data-id=\"8c5031f\" data-element_type=\"container\" data-e-type=\"container\" data-settings=\"{&quot;background_background&quot;:&quot;classic&quot;}\">\n\t\t\t\t\t<div class=\"e-con-inner\">\n\t\t\t\t<div class=\"elementor-element elementor-element-9f26416 elementor-widget__width-inherit elementor-invisible elementor-widget elementor-widget-heading\" data-id=\"9f26416\" data-element_type=\"widget\" data-e-type=\"widget\" data-settings=\"{&quot;_animation&quot;:&quot;fadeIn&quot;,&quot;_animation_delay&quot;:&quot;200&quot;}\" data-widget_type=\"heading.default\">\n\t\t\t\t<div class=\"elementor-widget-container\">\n\t\t\t\t\t<h1 class=\"elementor-heading-title elementor-size-default\">Visselbl\u00e5sning<\/h1>\t\t\t\t<\/div>\n\t\t\t\t<\/div>\n\t\t\t\t\t<\/div>\n\t\t\t\t<\/div>\n\t\t<div class=\"elementor-element elementor-element-2180e81 e-flex e-con-boxed e-con e-parent\" data-id=\"2180e81\" data-element_type=\"container\" data-e-type=\"container\">\n\t\t\t\t\t<div class=\"e-con-inner\">\n\t\t\t\t<div class=\"elementor-element elementor-element-ea19250 elementor-widget elementor-widget-heading\" data-id=\"ea19250\" data-element_type=\"widget\" data-e-type=\"widget\" data-widget_type=\"heading.default\">\n\t\t\t\t<div class=\"elementor-widget-container\">\n\t\t\t\t\t<h4 class=\"elementor-heading-title elementor-size-default\">ETISKA PRINCIPER OCH RAPPORTERINGSKANAL F\u00d6R VISSELBL\u00c5SNING\n<\/h4>\t\t\t\t<\/div>\n\t\t\t\t<\/div>\n\t\t\t\t<div class=\"elementor-element elementor-element-49339f1 elementor-widget elementor-widget-text-editor\" data-id=\"49339f1\" data-element_type=\"widget\" data-e-type=\"widget\" data-widget_type=\"text-editor.default\">\n\t\t\t\t<div class=\"elementor-widget-container\">\n\t\t\t\t\t\t\t\t\t<p>ePress Nordics uppf\u00f6randekod v\u00e4gleder v\u00e5rt dagliga arbete och bygger p\u00e5 v\u00e5ra f\u00f6retagsv\u00e4rderingar och de internationella principerna i FN:s Global Compact. Vi \u00e4r engagerade i f\u00f6retags-, milj\u00f6- och socialt ansvar i alla v\u00e5ra aktiviteter. Uppf\u00f6randekoden binder alla v\u00e5ra medarbetare att agera i enlighet med v\u00e5ra gemensamma v\u00e4rderingar och principer. Varje medarbetare p\u00e5 f\u00f6retaget har ett ansvar att f\u00f6lja den uppf\u00f6randekoden i sitt dagliga arbete.<\/p>\t\t\t\t\t\t\t\t<\/div>\n\t\t\t\t<\/div>\n\t\t\t\t<div class=\"elementor-element elementor-element-678a1bd elementor-widget elementor-widget-heading\" data-id=\"678a1bd\" data-element_type=\"widget\" data-e-type=\"widget\" data-widget_type=\"heading.default\">\n\t\t\t\t<div class=\"elementor-widget-container\">\n\t\t\t\t\t<h5 class=\"elementor-heading-title elementor-size-default\">Vi f\u00f6ljer g\u00e4llande lagar\n<\/h5>\t\t\t\t<\/div>\n\t\t\t\t<\/div>\n\t\t\t\t<div class=\"elementor-element elementor-element-d4a8b6e elementor-widget elementor-widget-text-editor\" data-id=\"d4a8b6e\" data-element_type=\"widget\" data-e-type=\"widget\" data-widget_type=\"text-editor.default\">\n\t\t\t\t<div class=\"elementor-widget-container\">\n\t\t\t\t\t\t\t\t\t<p>Vi tolererar inte lagbrott och vi kommer aldrig att uppmuntra till eller instruera n\u00e5gon att bryta mot lagen. Vi respekterar kollektivavtal och deras anda.<\/p>\t\t\t\t\t\t\t\t<\/div>\n\t\t\t\t<\/div>\n\t\t\t\t<div class=\"elementor-element elementor-element-46c109c elementor-widget elementor-widget-heading\" data-id=\"46c109c\" data-element_type=\"widget\" data-e-type=\"widget\" data-widget_type=\"heading.default\">\n\t\t\t\t<div class=\"elementor-widget-container\">\n\t\t\t\t\t<h5 class=\"elementor-heading-title elementor-size-default\">Vi respekterar m\u00e4nskliga r\u00e4ttigheter och behandlar varandra lika och j\u00e4mlikt<\/h5>\t\t\t\t<\/div>\n\t\t\t\t<\/div>\n\t\t\t\t<div class=\"elementor-element elementor-element-4a55a30 elementor-widget elementor-widget-text-editor\" data-id=\"4a55a30\" data-element_type=\"widget\" data-e-type=\"widget\" data-widget_type=\"text-editor.default\">\n\t\t\t\t<div class=\"elementor-widget-container\">\n\t\t\t\t\t\t\t\t\t<p>Vi \u00e5tar oss att respektera internationellt erk\u00e4nda m\u00e4nskliga r\u00e4ttigheter i all v\u00e5r verksamhet. Vi accepterar inte kr\u00e4nkningar av de m\u00e4nskliga r\u00e4ttigheterna i n\u00e5gon form. Vi respekterar individen och tolererar inte diskriminering, trakasserier, hot eller \u00f6vergrepp. Vi respekterar f\u00f6reningsfriheten och friheten att organisera sig professionellt.<\/p>\t\t\t\t\t\t\t\t<\/div>\n\t\t\t\t<\/div>\n\t\t\t\t<div class=\"elementor-element elementor-element-438d384 elementor-widget elementor-widget-heading\" data-id=\"438d384\" data-element_type=\"widget\" data-e-type=\"widget\" data-widget_type=\"heading.default\">\n\t\t\t\t<div class=\"elementor-widget-container\">\n\t\t\t\t\t<h5 class=\"elementor-heading-title elementor-size-default\">Vi undviker intressekonflikter\n<\/h5>\t\t\t\t<\/div>\n\t\t\t\t<\/div>\n\t\t\t\t<div class=\"elementor-element elementor-element-4eed7b6 elementor-widget elementor-widget-text-editor\" data-id=\"4eed7b6\" data-element_type=\"widget\" data-e-type=\"widget\" data-widget_type=\"text-editor.default\">\n\t\t\t\t<div class=\"elementor-widget-container\">\n\t\t\t\t\t\t\t\t\t<p>Vi undviker situationer som \u00e4r eller kan anses vara i konflikt med medarbetarens personliga och aff\u00e4rsm\u00e4ssiga intressen. Det \u00e4r oacceptabelt att str\u00e4va efter egenintresse eller en n\u00e4ra sl\u00e4ktings intressen vid utf\u00f6randet av arbetsuppgifter.<\/p><p>Personliga relationer p\u00e5verkar inte v\u00e5rt beslutsfattande.<\/p>\t\t\t\t\t\t\t\t<\/div>\n\t\t\t\t<\/div>\n\t\t\t\t<div class=\"elementor-element elementor-element-cc94063 elementor-widget elementor-widget-heading\" data-id=\"cc94063\" data-element_type=\"widget\" data-e-type=\"widget\" data-widget_type=\"heading.default\">\n\t\t\t\t<div class=\"elementor-widget-container\">\n\t\t\t\t\t<h5 class=\"elementor-heading-title elementor-size-default\">Vi \u00e4r lojala\n\n<\/h5>\t\t\t\t<\/div>\n\t\t\t\t<\/div>\n\t\t\t\t<div class=\"elementor-element elementor-element-7ff9397 elementor-widget elementor-widget-text-editor\" data-id=\"7ff9397\" data-element_type=\"widget\" data-e-type=\"widget\" data-widget_type=\"text-editor.default\">\n\t\t\t\t<div class=\"elementor-widget-container\">\n\t\t\t\t\t\t\t\t\t<p>Vi delar inte konfidentiell information som vi erh\u00e5ller i v\u00e5rt arbete med n\u00e5gon annan \u00e4n de ber\u00f6rda parterna. Vi ser till att konfidentiell information inte l\u00e4mnas ut till tredje part.<\/p><p>Vi tar ocks\u00e5 hand om s\u00e4kerheten f\u00f6r elektroniska verktyg. Vi representerar f\u00f6retaget och dess verksamhet p\u00e5 ett l\u00e4mpligt s\u00e4tt i f\u00f6rh\u00e5llande till alla intressenter.<\/p><p>Vi agerar alltid i f\u00f6retagets b\u00e4sta intresse.<\/p>\t\t\t\t\t\t\t\t<\/div>\n\t\t\t\t<\/div>\n\t\t\t\t<div class=\"elementor-element elementor-element-f244869 elementor-widget elementor-widget-heading\" data-id=\"f244869\" data-element_type=\"widget\" data-e-type=\"widget\" data-widget_type=\"heading.default\">\n\t\t\t\t<div class=\"elementor-widget-container\">\n\t\t\t\t\t<h5 class=\"elementor-heading-title elementor-size-default\">Vi s\u00e4ger nej till mutor<\/h5>\t\t\t\t<\/div>\n\t\t\t\t<\/div>\n\t\t\t\t<div class=\"elementor-element elementor-element-beafba5 elementor-widget elementor-widget-text-editor\" data-id=\"beafba5\" data-element_type=\"widget\" data-e-type=\"widget\" data-widget_type=\"text-editor.default\">\n\t\t\t\t<div class=\"elementor-widget-container\">\n\t\t\t\t\t\t\t\t\t<p><span style=\"text-align: var(--text-align);\">Vi accepterar inte mutor i n\u00e5gon form. Vi tar inte emot mutor eller andra f\u00f6rm\u00e5ner som kan betraktas som korruption. Vi betalar inte mutor till v\u00e5ra aff\u00e4rspartners, myndigheter eller andra samarbetspartners. Vi ska visa g\u00e4stfrihet med m\u00e5tta och vid l\u00e4mplig tidpunkt. Till exempel ger vi aldrig ens blygsamma g\u00e5vor till v\u00e5ra f\u00f6rhandlingspartner under f\u00f6rhandlingar om samarbetsavtal.<\/span><\/p><p><strong style=\"color: var(--ast-global-color-2); font-size: 1.5rem; font-style: inherit; text-decoration-line: initial; text-align: var(--text-align);\">Vi respekterar milj\u00f6n<\/strong><\/p><p><span style=\"text-align: var(--text-align);\">Vi f\u00f6ljer aktivt upp milj\u00f6- och klimatp\u00e5verkan fr\u00e5n v\u00e5r verksamhet och minskar m\u00e4ngden avfall som den genererar. Vi sorterar och \u00e5tervinner avfall d\u00e4r det \u00e4r m\u00f6jligt. I v\u00e5r upphandlingsverksamhet prioriterar vi milj\u00f6v\u00e4nliga val.\u00a0<\/span><\/p><p><span style=\"text-align: var(--text-align); font-size: 24px;\"><span style=\"color: #1c1c1c;\"><b>Vi kr\u00e4ver att v\u00e5ra leverant\u00f6rer, underleverant\u00f6rer och andra samarbetspartners f\u00f6ljer v\u00e5ra etiska principer.<\/b><\/span><\/span><\/p><p>Vi behandlar v\u00e5ra aff\u00e4rspartners r\u00e4ttvist och j\u00e4mlikt. Vi \u00e4r en p\u00e5litlig partner och respekterar immateriella r\u00e4ttigheter. Vi tror p\u00e5 en \u00f6ppen och r\u00e4ttvis konkurrens och f\u00f6ljer g\u00e4llande konkurrenslagstiftning. Vi kommer inte att delta i n\u00e5gon aktivitet som syftar till att f\u00f6rhindra eller begr\u00e4nsa \u00f6ppen och r\u00e4ttvis konkurrens. Vi f\u00f6rv\u00e4ntar oss ocks\u00e5 att v\u00e5ra partners och andra intressenter f\u00f6ljer samma principer.<\/p><p>All verksamhet som kan st\u00e5 i strid med v\u00e5r uppf\u00f6randekod ska i f\u00f6rsta hand rapporteras till n\u00e4rmaste chef eller, i f\u00f6rekommande fall, till hans eller hennes chef. Alla medarbetare kan ocks\u00e5 rapportera eventuella \u00f6vertr\u00e4delser av uppf\u00f6randekoden till VD, en representant f\u00f6r ledningsgruppen eller internrevisionen utan att beh\u00f6va vara r\u00e4dda f\u00f6r repressalier eller andra negativa konsekvenser.<\/p><p>Alla rapporter om bristande efterlevnad av uppf\u00f6randekoden utreds p\u00e5 ett korrekt s\u00e4tt och l\u00e4mpliga \u00e5tg\u00e4rder vidtas vid behov.<\/p>\t\t\t\t\t\t\t\t<\/div>\n\t\t\t\t<\/div>\n\t\t\t\t\t<\/div>\n\t\t\t\t<\/div>\n\t\t\t\t<\/div>\n\t\t","protected":false},"excerpt":{"rendered":"<p>Visselbl\u00e5sning ETISKA PRINCIPER OCH RAPPORTERINGSKANAL F\u00d6R VISSELBL\u00c5SNING ePress Nordics uppf\u00f6randekod v\u00e4gleder v\u00e5rt dagliga arbete och bygger p\u00e5 v\u00e5ra f\u00f6retagsv\u00e4rderingar och de internationella principerna i FN:s Global Compact. Vi \u00e4r engagerade i f\u00f6retags-, milj\u00f6- och socialt ansvar i alla v\u00e5ra aktiviteter. Uppf\u00f6randekoden binder alla v\u00e5ra medarbetare att agera i enlighet med v\u00e5ra gemensamma v\u00e4rderingar och principer. [&hellip;]<\/p>\n","protected":false},"author":15,"featured_media":9078,"parent":0,"menu_order":0,"comment_status":"closed","ping_status":"closed","template":"","meta":{"site-sidebar-layout":"no-sidebar","site-content-layout":"page-builder","ast-site-content-layout":"full-width-container","site-content-style":"default","site-sidebar-style":"default","ast-global-header-display":"","ast-banner-title-visibility":"","ast-main-header-display":"","ast-hfb-above-header-display":"","ast-hfb-below-header-display":"","ast-hfb-mobile-header-display":"","site-post-title":"disabled","ast-breadcrumbs-content":"","ast-featured-img":"disabled","footer-sml-layout":"","ast-disable-related-posts":"","theme-transparent-header-meta":"","adv-header-id-meta":"","stick-header-meta":"","header-above-stick-meta":"","header-main-stick-meta":"","header-below-stick-meta":"","astra-migrate-meta-layouts":"set","ast-page-background-enabled":"default","ast-page-background-meta":{"desktop":{"background-color":"","background-image":"","background-repeat":"repeat","background-position":"center center","background-size":"auto","background-attachment":"scroll","background-type":"","background-media":"","overlay-type":"","overlay-color":"","overlay-opacity":"","overlay-gradient":""},"tablet":{"background-color":"","background-image":"","background-repeat":"repeat","background-position":"center center","background-size":"auto","background-attachment":"scroll","background-type":"","background-media":"","overlay-type":"","overlay-color":"","overlay-opacity":"","overlay-gradient":""},"mobile":{"background-color":"","background-image":"","background-repeat":"repeat","background-position":"center center","background-size":"auto","background-attachment":"scroll","background-type":"","background-media":"","overlay-type":"","overlay-color":"","overlay-opacity":"","overlay-gradient":""}},"ast-content-background-meta":{"desktop":{"background-color":"var(--ast-global-color-5)","background-image":"","background-repeat":"repeat","background-position":"center center","background-size":"auto","background-attachment":"scroll","background-type":"","background-media":"","overlay-type":"","overlay-color":"","overlay-opacity":"","overlay-gradient":""},"tablet":{"background-color":"var(--ast-global-color-5)","background-image":"","background-repeat":"repeat","background-position":"center center","background-size":"auto","background-attachment":"scroll","background-type":"","background-media":"","overlay-type":"","overlay-color":"","overlay-opacity":"","overlay-gradient":""},"mobile":{"background-color":"var(--ast-global-color-5)","background-image":"","background-repeat":"repeat","background-position":"center center","background-size":"auto","background-attachment":"scroll","background-type":"","background-media":"","overlay-type":"","overlay-color":"","overlay-opacity":"","overlay-gradient":""}},"footnotes":""},"class_list":["post-8759","page","type-page","status-publish","has-post-thumbnail","hentry"],"yoast_head":"<!-- This site is optimized with the Yoast SEO plugin v27.3 - https:\/\/yoast.com\/product\/yoast-seo-wordpress\/ -->\n<title>ePress - Integritetspolicy<\/title>\n<meta name=\"description\" content=\"L\u00e4s ePress integritetspolicy. Den f\u00f6rklarar hur vi hanterar anv\u00e4ndardata p\u00e5 ett s\u00e4kert och \u00f6ppet s\u00e4tt i v\u00e5r tj\u00e4nst.\" \/>\n<meta name=\"robots\" content=\"index, follow, max-snippet:-1, max-image-preview:large, max-video-preview:-1\" \/>\n<link rel=\"canonical\" href=\"https:\/\/corporate.epress.fi\/sv\/visselblasning\/\" \/>\n<meta property=\"og:locale\" content=\"sv_SE\" \/>\n<meta property=\"og:type\" content=\"article\" \/>\n<meta property=\"og:title\" content=\"ePress - Integritetspolicy\" \/>\n<meta property=\"og:description\" content=\"L\u00e4s ePress integritetspolicy. Den f\u00f6rklarar hur vi hanterar anv\u00e4ndardata p\u00e5 ett s\u00e4kert och \u00f6ppet s\u00e4tt i v\u00e5r tj\u00e4nst.\" \/>\n<meta property=\"og:url\" content=\"https:\/\/corporate.epress.fi\/sv\/visselblasning\/\" \/>\n<meta property=\"og:site_name\" content=\"ePress\u00ae\" \/>\n<meta property=\"article:modified_time\" content=\"2025-04-07T09:50:39+00:00\" \/>\n<meta property=\"og:image\" content=\"https:\/\/corporate.epress.fi\/wp-content\/uploads\/2024\/10\/epress-logo-2024-white.png\" \/>\n\t<meta property=\"og:image:width\" content=\"437\" \/>\n\t<meta property=\"og:image:height\" content=\"99\" \/>\n\t<meta property=\"og:image:type\" content=\"image\/png\" \/><meta property=\"og:image\" content=\"https:\/\/corporate.epress.fi\/wp-content\/uploads\/2025\/01\/a54f7407-3caa-4d62-94a8-0e4329aba6fd-scaled-1.webp\" \/>\n\t<meta property=\"og:image:width\" content=\"2560\" \/>\n\t<meta property=\"og:image:height\" content=\"937\" \/>\n\t<meta property=\"og:image:type\" content=\"image\/webp\" \/>\n<meta name=\"twitter:card\" content=\"summary_large_image\" \/>\n<meta name=\"twitter:label1\" content=\"Ber\u00e4knad l\u00e4stid\" \/>\n\t<meta name=\"twitter:data1\" content=\"4 minuter\" \/>\n<script type=\"application\/ld+json\" class=\"yoast-schema-graph\">{\"@context\":\"https:\\\/\\\/schema.org\",\"@graph\":[{\"@type\":\"WebPage\",\"@id\":\"https:\\\/\\\/corporate.epress.fi\\\/sv\\\/visselblasning\\\/\",\"url\":\"https:\\\/\\\/corporate.epress.fi\\\/sv\\\/visselblasning\\\/\",\"name\":\"ePress - Integritetspolicy\",\"isPartOf\":{\"@id\":\"https:\\\/\\\/corporate.epress.fi\\\/sv\\\/#website\"},\"primaryImageOfPage\":{\"@id\":\"https:\\\/\\\/corporate.epress.fi\\\/sv\\\/visselblasning\\\/#primaryimage\"},\"image\":{\"@id\":\"https:\\\/\\\/corporate.epress.fi\\\/sv\\\/visselblasning\\\/#primaryimage\"},\"thumbnailUrl\":\"https:\\\/\\\/corporate.epress.fi\\\/wp-content\\\/uploads\\\/2025\\\/01\\\/a54f7407-3caa-4d62-94a8-0e4329aba6fd-scaled-1.webp\",\"datePublished\":\"2025-01-07T05:19:41+00:00\",\"dateModified\":\"2025-04-07T09:50:39+00:00\",\"description\":\"L\u00e4s ePress integritetspolicy. Den f\u00f6rklarar hur vi hanterar anv\u00e4ndardata p\u00e5 ett s\u00e4kert och \u00f6ppet s\u00e4tt i v\u00e5r tj\u00e4nst.\",\"breadcrumb\":{\"@id\":\"https:\\\/\\\/corporate.epress.fi\\\/sv\\\/visselblasning\\\/#breadcrumb\"},\"inLanguage\":\"sv-SE\",\"potentialAction\":[{\"@type\":\"ReadAction\",\"target\":[\"https:\\\/\\\/corporate.epress.fi\\\/sv\\\/visselblasning\\\/\"]}]},{\"@type\":\"ImageObject\",\"inLanguage\":\"sv-SE\",\"@id\":\"https:\\\/\\\/corporate.epress.fi\\\/sv\\\/visselblasning\\\/#primaryimage\",\"url\":\"https:\\\/\\\/corporate.epress.fi\\\/wp-content\\\/uploads\\\/2025\\\/01\\\/a54f7407-3caa-4d62-94a8-0e4329aba6fd-scaled-1.webp\",\"contentUrl\":\"https:\\\/\\\/corporate.epress.fi\\\/wp-content\\\/uploads\\\/2025\\\/01\\\/a54f7407-3caa-4d62-94a8-0e4329aba6fd-scaled-1.webp\",\"width\":2560,\"height\":937,\"caption\":\"Nainen lukee tabletilta digitaalisia aikakauslehti\u00e4, taustalla lehtikansia.\"},{\"@type\":\"BreadcrumbList\",\"@id\":\"https:\\\/\\\/corporate.epress.fi\\\/sv\\\/visselblasning\\\/#breadcrumb\",\"itemListElement\":[{\"@type\":\"ListItem\",\"position\":1,\"name\":\"Home\",\"item\":\"https:\\\/\\\/corporate.epress.fi\\\/sv\\\/\"},{\"@type\":\"ListItem\",\"position\":2,\"name\":\"Visselbl\u00e5sning\"}]},{\"@type\":\"WebSite\",\"@id\":\"https:\\\/\\\/corporate.epress.fi\\\/sv\\\/#website\",\"url\":\"https:\\\/\\\/corporate.epress.fi\\\/sv\\\/\",\"name\":\"ePress\u00ae\",\"description\":\"Kaikki lehdet yhdest\u00e4 paikasta\",\"publisher\":{\"@id\":\"https:\\\/\\\/corporate.epress.fi\\\/sv\\\/#organization\"},\"potentialAction\":[{\"@type\":\"SearchAction\",\"target\":{\"@type\":\"EntryPoint\",\"urlTemplate\":\"https:\\\/\\\/corporate.epress.fi\\\/sv\\\/?s={search_term_string}\"},\"query-input\":{\"@type\":\"PropertyValueSpecification\",\"valueRequired\":true,\"valueName\":\"search_term_string\"}}],\"inLanguage\":\"sv-SE\"},{\"@type\":\"Organization\",\"@id\":\"https:\\\/\\\/corporate.epress.fi\\\/sv\\\/#organization\",\"name\":\"ePress\u00ae\",\"url\":\"https:\\\/\\\/corporate.epress.fi\\\/sv\\\/\",\"logo\":{\"@type\":\"ImageObject\",\"inLanguage\":\"sv-SE\",\"@id\":\"https:\\\/\\\/corporate.epress.fi\\\/sv\\\/#\\\/schema\\\/logo\\\/image\\\/\",\"url\":\"https:\\\/\\\/corporate.epress.fi\\\/wp-content\\\/uploads\\\/2024\\\/10\\\/epress-logo-2024-white.png\",\"contentUrl\":\"https:\\\/\\\/corporate.epress.fi\\\/wp-content\\\/uploads\\\/2024\\\/10\\\/epress-logo-2024-white.png\",\"width\":437,\"height\":99,\"caption\":\"ePress\u00ae\"},\"image\":{\"@id\":\"https:\\\/\\\/corporate.epress.fi\\\/sv\\\/#\\\/schema\\\/logo\\\/image\\\/\"}}]}<\/script>\n<!-- \/ Yoast SEO plugin. -->","yoast_head_json":{"title":"ePress - Integritetspolicy","description":"L\u00e4s ePress integritetspolicy. Den f\u00f6rklarar hur vi hanterar anv\u00e4ndardata p\u00e5 ett s\u00e4kert och \u00f6ppet s\u00e4tt i v\u00e5r tj\u00e4nst.","robots":{"index":"index","follow":"follow","max-snippet":"max-snippet:-1","max-image-preview":"max-image-preview:large","max-video-preview":"max-video-preview:-1"},"canonical":"https:\/\/corporate.epress.fi\/sv\/visselblasning\/","og_locale":"sv_SE","og_type":"article","og_title":"ePress - Integritetspolicy","og_description":"L\u00e4s ePress integritetspolicy. Den f\u00f6rklarar hur vi hanterar anv\u00e4ndardata p\u00e5 ett s\u00e4kert och \u00f6ppet s\u00e4tt i v\u00e5r tj\u00e4nst.","og_url":"https:\/\/corporate.epress.fi\/sv\/visselblasning\/","og_site_name":"ePress\u00ae","article_modified_time":"2025-04-07T09:50:39+00:00","og_image":[{"width":437,"height":99,"url":"https:\/\/corporate.epress.fi\/wp-content\/uploads\/2024\/10\/epress-logo-2024-white.png","type":"image\/png"},{"width":2560,"height":937,"url":"https:\/\/corporate.epress.fi\/wp-content\/uploads\/2025\/01\/a54f7407-3caa-4d62-94a8-0e4329aba6fd-scaled-1.webp","type":"image\/webp"}],"twitter_card":"summary_large_image","twitter_misc":{"Ber\u00e4knad l\u00e4stid":"4 minuter"},"schema":{"@context":"https:\/\/schema.org","@graph":[{"@type":"WebPage","@id":"https:\/\/corporate.epress.fi\/sv\/visselblasning\/","url":"https:\/\/corporate.epress.fi\/sv\/visselblasning\/","name":"ePress - Integritetspolicy","isPartOf":{"@id":"https:\/\/corporate.epress.fi\/sv\/#website"},"primaryImageOfPage":{"@id":"https:\/\/corporate.epress.fi\/sv\/visselblasning\/#primaryimage"},"image":{"@id":"https:\/\/corporate.epress.fi\/sv\/visselblasning\/#primaryimage"},"thumbnailUrl":"https:\/\/corporate.epress.fi\/wp-content\/uploads\/2025\/01\/a54f7407-3caa-4d62-94a8-0e4329aba6fd-scaled-1.webp","datePublished":"2025-01-07T05:19:41+00:00","dateModified":"2025-04-07T09:50:39+00:00","description":"L\u00e4s ePress integritetspolicy. Den f\u00f6rklarar hur vi hanterar anv\u00e4ndardata p\u00e5 ett s\u00e4kert och \u00f6ppet s\u00e4tt i v\u00e5r tj\u00e4nst.","breadcrumb":{"@id":"https:\/\/corporate.epress.fi\/sv\/visselblasning\/#breadcrumb"},"inLanguage":"sv-SE","potentialAction":[{"@type":"ReadAction","target":["https:\/\/corporate.epress.fi\/sv\/visselblasning\/"]}]},{"@type":"ImageObject","inLanguage":"sv-SE","@id":"https:\/\/corporate.epress.fi\/sv\/visselblasning\/#primaryimage","url":"https:\/\/corporate.epress.fi\/wp-content\/uploads\/2025\/01\/a54f7407-3caa-4d62-94a8-0e4329aba6fd-scaled-1.webp","contentUrl":"https:\/\/corporate.epress.fi\/wp-content\/uploads\/2025\/01\/a54f7407-3caa-4d62-94a8-0e4329aba6fd-scaled-1.webp","width":2560,"height":937,"caption":"Nainen lukee tabletilta digitaalisia aikakauslehti\u00e4, taustalla lehtikansia."},{"@type":"BreadcrumbList","@id":"https:\/\/corporate.epress.fi\/sv\/visselblasning\/#breadcrumb","itemListElement":[{"@type":"ListItem","position":1,"name":"Home","item":"https:\/\/corporate.epress.fi\/sv\/"},{"@type":"ListItem","position":2,"name":"Visselbl\u00e5sning"}]},{"@type":"WebSite","@id":"https:\/\/corporate.epress.fi\/sv\/#website","url":"https:\/\/corporate.epress.fi\/sv\/","name":"ePress\u00ae","description":"Kaikki lehdet yhdest\u00e4 paikasta","publisher":{"@id":"https:\/\/corporate.epress.fi\/sv\/#organization"},"potentialAction":[{"@type":"SearchAction","target":{"@type":"EntryPoint","urlTemplate":"https:\/\/corporate.epress.fi\/sv\/?s={search_term_string}"},"query-input":{"@type":"PropertyValueSpecification","valueRequired":true,"valueName":"search_term_string"}}],"inLanguage":"sv-SE"},{"@type":"Organization","@id":"https:\/\/corporate.epress.fi\/sv\/#organization","name":"ePress\u00ae","url":"https:\/\/corporate.epress.fi\/sv\/","logo":{"@type":"ImageObject","inLanguage":"sv-SE","@id":"https:\/\/corporate.epress.fi\/sv\/#\/schema\/logo\/image\/","url":"https:\/\/corporate.epress.fi\/wp-content\/uploads\/2024\/10\/epress-logo-2024-white.png","contentUrl":"https:\/\/corporate.epress.fi\/wp-content\/uploads\/2024\/10\/epress-logo-2024-white.png","width":437,"height":99,"caption":"ePress\u00ae"},"image":{"@id":"https:\/\/corporate.epress.fi\/sv\/#\/schema\/logo\/image\/"}}]}},"_links":{"self":[{"href":"https:\/\/corporate.epress.fi\/sv\/wp-json\/wp\/v2\/pages\/8759","targetHints":{"allow":["GET"]}}],"collection":[{"href":"https:\/\/corporate.epress.fi\/sv\/wp-json\/wp\/v2\/pages"}],"about":[{"href":"https:\/\/corporate.epress.fi\/sv\/wp-json\/wp\/v2\/types\/page"}],"author":[{"embeddable":true,"href":"https:\/\/corporate.epress.fi\/sv\/wp-json\/wp\/v2\/users\/15"}],"replies":[{"embeddable":true,"href":"https:\/\/corporate.epress.fi\/sv\/wp-json\/wp\/v2\/comments?post=8759"}],"version-history":[{"count":22,"href":"https:\/\/corporate.epress.fi\/sv\/wp-json\/wp\/v2\/pages\/8759\/revisions"}],"predecessor-version":[{"id":11196,"href":"https:\/\/corporate.epress.fi\/sv\/wp-json\/wp\/v2\/pages\/8759\/revisions\/11196"}],"wp:featuredmedia":[{"embeddable":true,"href":"https:\/\/corporate.epress.fi\/sv\/wp-json\/wp\/v2\/media\/9078"}],"wp:attachment":[{"href":"https:\/\/corporate.epress.fi\/sv\/wp-json\/wp\/v2\/media?parent=8759"}],"curies":[{"name":"wp","href":"https:\/\/api.w.org\/{rel}","templated":true}]}}